{"id":43,"date":"2024-04-08T17:34:20","date_gmt":"2024-04-08T17:34:20","guid":{"rendered":"https:\/\/www.alfanamas.lt\/?page_id=43"},"modified":"2024-05-02T15:19:36","modified_gmt":"2024-05-02T15:19:36","slug":"molio-dekoras","status":"publish","type":"page","link":"https:\/\/alfanamas.lt\/?page_id=43","title":{"rendered":"Molio dekoras"},"content":{"rendered":"<nav class=\"is-responsive wp-block-navigation is-layout-flex wp-block-navigation-is-layout-flex\" aria-label=\"Header navigation\" \n\t\t data-wp-interactive=\"core\/navigation\" data-wp-context='{\"overlayOpenedBy\":{\"click\":false,\"hover\":false,\"focus\":false},\"type\":\"overlay\",\"roleAttribute\":\"\",\"ariaLabel\":\"Menu\"}'><button aria-haspopup=\"dialog\" aria-label=\"Open menu\" class=\"wp-block-navigation__responsive-container-open\" \n\t\t\t\tdata-wp-on--click=\"actions.openMenuOnClick\"\n\t\t\t\tdata-wp-on--keydown=\"actions.handleMenuKeydown\"\n\t\t\t><svg width=\"24\" height=\"24\" xmlns=\"http:\/\/www.w3.org\/2000\/svg\" viewBox=\"0 0 24 24\" aria-hidden=\"true\" focusable=\"false\"><path d=\"M4 7.5h16v1.5H4z\"><\/path><path d=\"M4 15h16v1.5H4z\"><\/path><\/svg><\/button>\n\t\t\t\t<div class=\"wp-block-navigation__responsive-container\"  id=\"modal-1\" \n\t\t\t\tdata-wp-class--has-modal-open=\"state.isMenuOpen\"\n\t\t\t\tdata-wp-class--is-menu-open=\"state.isMenuOpen\"\n\t\t\t\tdata-wp-watch=\"callbacks.initMenu\"\n\t\t\t\tdata-wp-on--keydown=\"actions.handleMenuKeydown\"\n\t\t\t\tdata-wp-on--focusout=\"actions.handleMenuFocusout\"\n\t\t\t\ttabindex=\"-1\"\n\t\t\t>\n\t\t\t\t\t<div class=\"wp-block-navigation__responsive-close\" tabindex=\"-1\">\n\t\t\t\t\t\t<div class=\"wp-block-navigation__responsive-dialog\" \n\t\t\t\tdata-wp-bind--aria-modal=\"state.ariaModal\"\n\t\t\t\tdata-wp-bind--aria-label=\"state.ariaLabel\"\n\t\t\t\tdata-wp-bind--role=\"state.roleAttribute\"\n\t\t\t>\n\t\t\t\t\t\t\t<button aria-label=\"Close menu\" class=\"wp-block-navigation__responsive-container-close\" \n\t\t\t\tdata-wp-on--click=\"actions.closeMenuOnClick\"\n\t\t\t><svg xmlns=\"http:\/\/www.w3.org\/2000\/svg\" viewBox=\"0 0 24 24\" width=\"24\" height=\"24\" aria-hidden=\"true\" focusable=\"false\"><path d=\"m13.06 12 6.47-6.47-1.06-1.06L12 10.94 5.53 4.47 4.47 5.53 10.94 12l-6.47 6.47 1.06 1.06L12 13.06l6.47 6.47 1.06-1.06L13.06 12Z\"><\/path><\/svg><\/button>\n\t\t\t\t\t\t\t<div class=\"wp-block-navigation__responsive-container-content\" \n\t\t\t\tdata-wp-watch=\"callbacks.focusFirstElement\"\n\t\t\t id=\"modal-1-content\">\n\t\t\t\t\t\t\t\t<ul class=\"wp-block-navigation__container is-responsive wp-block-navigation\"><li class=\" wp-block-navigation-item wp-block-navigation-link\"><a class=\"wp-block-navigation-item__content\"  href=\"#\"><span class=\"wp-block-navigation-item__label\"><strong>Pradinis<\/strong><\/span><\/a><\/li><li class=\" wp-block-navigation-item wp-block-navigation-link\"><a class=\"wp-block-navigation-item__content\"  href=\"https:\/\/www.alfanamas.lt\/?page_id=43\"><span class=\"wp-block-navigation-item__label\"><strong>Molio dekoras<\/strong><\/span><\/a><\/li><li class=\" wp-block-navigation-item wp-block-navigation-link\"><a class=\"wp-block-navigation-item__content\"  href=\"https:\/\/www.alfanamas.lt\/?page_id=86\"><span class=\"wp-block-navigation-item__label\"><strong>Deginta mediena<\/strong><\/span><\/a><\/li><\/ul>\n\t\t\t\t\t\t\t<\/div>\n\t\t\t\t\t\t<\/div>\n\t\t\t\t\t<\/div>\n\t\t\t\t<\/div><\/nav>\n\n\n<p>Molio tinkas \u2013 be pavojing\u0173 chemini\u0173 med\u017eiag\u0173, mineralin\u0117s kilm\u0117s ir visi\u0161kai pralaidus garams, tod\u0117l puikiai tinka \u0161iaudini\u0173, molini\u0173 ar kitos nat\u016bralios statybos nam\u0173 vidaus apdailai. <\/p>\n\n\n\n<p>Molio tinkas tiks ir tiems, kurie ie\u0161ko i\u0161skirtini\u0173 ir labai gra\u017ei\u0173 interjero sprendim\u0173.<\/p>\n\n\n\n<p>Mes tinkuojame sienas ir lubas. Dirbame kruop\u0161\u010diai ir atsakingai<\/p>\n\n\n\n<p>Naudojame tink\u0105 i\u0161 <a href=\"https:\/\/clay.lt\/\">clay.lt<\/a><\/p>\n\n\n\n<p><strong>Kainos:<\/strong><\/p>\n\n\n\n<div class=\"wp-block-columns is-layout-flex wp-container-core-columns-is-layout-28f84493 wp-block-columns-is-layout-flex\">\n<div class=\"wp-block-column is-layout-flow wp-block-column-is-layout-flow\" style=\"flex-basis:100%\">\n<figure class=\"wp-block-table is-style-stripes\"><table><thead><tr><th class=\"has-text-align-left\" data-align=\"left\">Paslauga<\/th><th class=\"has-text-align-left\" data-align=\"left\">Komentaras<\/th><th class=\"has-text-align-left\" data-align=\"left\">Kaina su PVM<\/th><\/tr><\/thead><tbody><tr><td class=\"has-text-align-left\" data-align=\"left\">Sien\u0173 tinkavimas (su m\u016bs\u0173 med\u017eiagomis)<\/td><td class=\"has-text-align-left\" data-align=\"left\">Naudojame tink\u0105 ir pigmentus i\u0161 clay.lt . Kaina svyruoja d\u0117l pasirinkto pigmento ir tinko spalvos (rudas\/baltas)<\/td><td class=\"has-text-align-left\" data-align=\"left\">Nuo 19 iki 23 Eur. u\u017e kvadratin\u012f metr\u0105.<\/td><\/tr><tr><td class=\"has-text-align-left\" data-align=\"left\">Lub\u0173 tinkavimas (su m\u016bs\u0173 med\u017eiagomis)<\/td><td class=\"has-text-align-left\" data-align=\"left\">Naudojame tink\u0105 ir pigmentus i\u0161 clay.lt . Kaina svyruoja d\u0117l pasirinkto pigmento ir tinko spalvos (rudas\/baltas)<\/td><td class=\"has-text-align-left\" data-align=\"left\">Nuo 23 iki 27 Eur. u\u017e kvadratin\u012f metr\u0105.<\/td><\/tr><tr><td class=\"has-text-align-left\" data-align=\"left\">Sien\u0173 tinkavimas (su j\u016bs\u0173 med\u017eiagomis)<\/td><td class=\"has-text-align-left\" data-align=\"left\">Jeigu tai n\u0117ra clay.lt produktas, prie\u0161 prad\u0117dami darbus tur\u0117sime pasigaminti m\u0117gin\u012f (kainuoja papildomai)<\/td><td class=\"has-text-align-left\" data-align=\"left\">18Eur. u\u017e kvadratin\u012f metr\u0105.<\/td><\/tr><tr><td class=\"has-text-align-left\" data-align=\"left\">Lub\u0173 tinkavimas (su j\u016bs\u0173 med\u017eiagomis)<\/td><td class=\"has-text-align-left\" data-align=\"left\">Jeigu tai n\u0117ra clay.lt produktas, prie\u0161 prad\u0117dami darbus tur\u0117sime pasigaminti m\u0117gin\u012f\/pavizd\u012f (kainuoja papildomai)<\/td><td class=\"has-text-align-left\" data-align=\"left\">22Eur. u\u017e kvadratin\u012f metr\u0105.<\/td><\/tr><tr><td class=\"has-text-align-left\" data-align=\"left\">M\u0117ginio\/pavyzd\u017eio gamyba<\/td><td class=\"has-text-align-left\" data-align=\"left\">Net ir tinkuojant med\u017eagomis i\u0161 clay.lt rekomenduojame u\u017esakyti didesn\u012f pavyzd\u012f, tam kad geriau suprasti kokia spalva ir tekst\u016bra labiau patinka.<\/td><td class=\"has-text-align-left\" data-align=\"left\">50 Eur.<\/td><\/tr><tr><td class=\"has-text-align-left\" data-align=\"left\">Atvykimas \u012f darbo viet\u0105 <\/td><td class=\"has-text-align-left\" data-align=\"left\">15km atsumu nuo Mol\u0117t\u0173 centro nemokamai. Jei reikia atvykti toliau, imamas papildomas mokestis. Pvz. Darbuotis reikia 50km nuo Mol\u0117t\u0173. 50km &#8211; 15km = 35km; 35km x 1eur = 35eur u\u017e atvykim\u0105 kiekvien\u0105 dien\u0105.<\/td><td class=\"has-text-align-left\" data-align=\"left\">1 Eur u\u017e papildoma km.<\/td><\/tr><tr><td class=\"has-text-align-left\" data-align=\"left\">Pastoliai<\/td><td class=\"has-text-align-left\" data-align=\"left\">Jeigu sienos\/lubos auk\u0161tesn\u0117s negu 4m imamas papildomas mokestis pastoli\u0173 naudojimui<\/td><td class=\"has-text-align-left\" data-align=\"left\">9 Eur u\u017e dien\u0105<\/td><\/tr><\/tbody><\/table><\/figure>\n<\/div>\n<\/div>\n\n\n\n<div class=\"wp-block-columns is-layout-flex wp-container-core-columns-is-layout-28f84493 wp-block-columns-is-layout-flex\">\n<div class=\"wp-block-column is-layout-flow wp-block-column-is-layout-flow\">\n<figure class=\"wp-block-image size-full\"><img loading=\"lazy\" decoding=\"async\" width=\"1024\" height=\"1024\" src=\"https:\/\/www.alfanamas.lt\/wp-content\/uploads\/2024\/04\/3.jpg\" alt=\"\" class=\"wp-image-61\" srcset=\"https:\/\/alfanamas.lt\/wp-content\/uploads\/2024\/04\/3.jpg 1024w, https:\/\/alfanamas.lt\/wp-content\/uploads\/2024\/04\/3-300x300.jpg 300w, https:\/\/alfanamas.lt\/wp-content\/uploads\/2024\/04\/3-150x150.jpg 150w, https:\/\/alfanamas.lt\/wp-content\/uploads\/2024\/04\/3-768x768.jpg 768w\" sizes=\"auto, (max-width: 1024px) 100vw, 1024px\" \/><\/figure>\n<\/div>\n\n\n\n<div class=\"wp-block-column is-layout-flow wp-block-column-is-layout-flow\">\n<figure class=\"wp-block-image size-full\"><img loading=\"lazy\" decoding=\"async\" width=\"1024\" height=\"1024\" src=\"https:\/\/www.alfanamas.lt\/wp-content\/uploads\/2024\/04\/2.jpg\" alt=\"\" class=\"wp-image-60\" srcset=\"https:\/\/alfanamas.lt\/wp-content\/uploads\/2024\/04\/2.jpg 1024w, https:\/\/alfanamas.lt\/wp-content\/uploads\/2024\/04\/2-300x300.jpg 300w, https:\/\/alfanamas.lt\/wp-content\/uploads\/2024\/04\/2-150x150.jpg 150w, https:\/\/alfanamas.lt\/wp-content\/uploads\/2024\/04\/2-768x768.jpg 768w\" sizes=\"auto, (max-width: 1024px) 100vw, 1024px\" \/><\/figure>\n<\/div>\n\n\n\n<div class=\"wp-block-column is-layout-flow wp-block-column-is-layout-flow\">\n<figure class=\"wp-block-image size-full is-style-default\"><img loading=\"lazy\" decoding=\"async\" width=\"1024\" height=\"1024\" src=\"https:\/\/www.alfanamas.lt\/wp-content\/uploads\/2024\/04\/7.jpg\" alt=\"\" class=\"wp-image-64\" srcset=\"https:\/\/alfanamas.lt\/wp-content\/uploads\/2024\/04\/7.jpg 1024w, https:\/\/alfanamas.lt\/wp-content\/uploads\/2024\/04\/7-300x300.jpg 300w, https:\/\/alfanamas.lt\/wp-content\/uploads\/2024\/04\/7-150x150.jpg 150w, https:\/\/alfanamas.lt\/wp-content\/uploads\/2024\/04\/7-768x768.jpg 768w\" sizes=\"auto, (max-width: 1024px) 100vw, 1024px\" \/><\/figure>\n<\/div>\n<\/div>\n\n\n\n<div class=\"wp-block-group alignfull has-background-color has-global-padding is-layout-constrained wp-container-core-group-is-layout-5d2f8bdc wp-block-group-is-layout-constrained\" style=\"margin-top:0;margin-bottom:0;padding-top:var(--wp--preset--spacing--40);padding-right:var(--wp--preset--spacing--30);padding-bottom:var(--wp--preset--spacing--40);padding-left:var(--wp--preset--spacing--30)\">\n<div class=\"wp-block-group alignwide is-content-justification-space-between is-layout-flex wp-container-core-group-is-layout-b585a4aa wp-block-group-is-layout-flex\">\n<div class=\"wp-block-group is-layout-flex wp-block-group-is-layout-flex\"><h1 class=\"wp-block-site-title has-small-font-size\"><a href=\"https:\/\/alfanamas.lt\" target=\"_self\" rel=\"home\">alfanamas.lt<\/a><\/h1><\/div>\n\n\n\n<p class=\"has-small-font-size\"> Proudly powered by <a rel=\"nofollow\" href=\"https:\/\/wordpress.org\">WordPress<\/a> <\/p>\n<\/div>\n<\/div>\n","protected":false},"excerpt":{"rendered":"<p>Molio tinkas \u2013 be pavojing\u0173 chemini\u0173 med\u017eiag\u0173, mineralin\u0117s kilm\u0117s ir visi\u0161kai pralaidus garams, tod\u0117l puikiai tinka \u0161iaudini\u0173, molini\u0173 ar kitos nat\u016bralios statybos nam\u0173 vidaus apdailai. Molio tinkas tiks ir tiems, kurie ie\u0161ko i\u0161skirtini\u0173 ir labai gra\u017ei\u0173 interjero sprendim\u0173. Mes tinkuojame sienas ir lubas. Dirbame kruop\u0161\u010diai ir atsakingai Naudojame tink\u0105 i\u0161 clay.lt Kainos: Paslauga Komentaras Kaina [&hellip;]<\/p>\n","protected":false},"author":2,"featured_media":18,"parent":0,"menu_order":0,"comment_status":"closed","ping_status":"closed","template":"molio-dekoras-template","meta":{"footnotes":""},"class_list":["post-43","page","type-page","status-publish","has-post-thumbnail","hentry"],"_links":{"self":[{"href":"https:\/\/alfanamas.lt\/index.php?rest_route=\/wp\/v2\/pages\/43","targetHints":{"allow":["GET"]}}],"collection":[{"href":"https:\/\/alfanamas.lt\/index.php?rest_route=\/wp\/v2\/pages"}],"about":[{"href":"https:\/\/alfanamas.lt\/index.php?rest_route=\/wp\/v2\/types\/page"}],"author":[{"embeddable":true,"href":"https:\/\/alfanamas.lt\/index.php?rest_route=\/wp\/v2\/users\/2"}],"replies":[{"embeddable":true,"href":"https:\/\/alfanamas.lt\/index.php?rest_route=%2Fwp%2Fv2%2Fcomments&post=43"}],"version-history":[{"count":14,"href":"https:\/\/alfanamas.lt\/index.php?rest_route=\/wp\/v2\/pages\/43\/revisions"}],"predecessor-version":[{"id":111,"href":"https:\/\/alfanamas.lt\/index.php?rest_route=\/wp\/v2\/pages\/43\/revisions\/111"}],"wp:featuredmedia":[{"embeddable":true,"href":"https:\/\/alfanamas.lt\/index.php?rest_route=\/wp\/v2\/media\/18"}],"wp:attachment":[{"href":"https:\/\/alfanamas.lt\/index.php?rest_route=%2Fwp%2Fv2%2Fmedia&parent=43"}],"curies":[{"name":"wp","href":"https:\/\/api.w.org\/{rel}","templated":true}]}}